{"id":1388,"date":"2025-01-24T18:43:45","date_gmt":"2025-01-24T16:43:45","guid":{"rendered":"http:\/\/localhost\/manvesta2025\/about-us\/"},"modified":"2026-01-14T13:20:19","modified_gmt":"2026-01-14T11:20:19","slug":"ueber-uns","status":"publish","type":"page","link":"https:\/\/manvesta.lt\/de\/ueber-uns\/","title":{"rendered":"\u00dcber uns"},"content":{"rendered":"","protected":false},"excerpt":{"rendered":"","protected":false},"author":1,"featured_media":0,"parent":0,"menu_order":0,"comment_status":"closed","ping_status":"closed","template":"template-about.php","meta":{"_acf_changed":false,"slim_seo":{"title":"Treffen Sie Manvesta - Experten f\u00fcr Autotransporte und St\u00fcckgut in Europa","description":"Manvesta bietet professionelle Dienstleistungen f\u00fcr Autotransporte und St\u00fcckguttransporte in ganz Europa, aufgebaut auf einer Grundlage von Vertrauen, Leistung und Exzellenz."},"footnotes":""},"class_list":["post-1388","page","type-page","status-publish","hentry"],"acf":[],"_links":{"self":[{"href":"https:\/\/manvesta.lt\/de\/wp-json\/wp\/v2\/pages\/1388","targetHints":{"allow":["GET"]}}],"collection":[{"href":"https:\/\/manvesta.lt\/de\/wp-json\/wp\/v2\/pages"}],"about":[{"href":"https:\/\/manvesta.lt\/de\/wp-json\/wp\/v2\/types\/page"}],"author":[{"embeddable":true,"href":"https:\/\/manvesta.lt\/de\/wp-json\/wp\/v2\/users\/1"}],"replies":[{"embeddable":true,"href":"https:\/\/manvesta.lt\/de\/wp-json\/wp\/v2\/comments?post=1388"}],"version-history":[{"count":2,"href":"https:\/\/manvesta.lt\/de\/wp-json\/wp\/v2\/pages\/1388\/revisions"}],"predecessor-version":[{"id":2489,"href":"https:\/\/manvesta.lt\/de\/wp-json\/wp\/v2\/pages\/1388\/revisions\/2489"}],"wp:attachment":[{"href":"https:\/\/manvesta.lt\/de\/wp-json\/wp\/v2\/media?parent=1388"}],"curies":[{"name":"wp","href":"https:\/\/api.w.org\/{rel}","templated":true}]}}