{"id":1413,"date":"2025-01-27T12:16:32","date_gmt":"2025-01-27T10:16:32","guid":{"rendered":"http:\/\/localhost\/manvesta2025\/finished-vehicle-logistics\/"},"modified":"2026-01-14T13:17:13","modified_gmt":"2026-01-14T11:17:13","slug":"logistik-fuer-fertige-fahrzeuge","status":"publish","type":"page","link":"https:\/\/manvesta.lt\/de\/logistik-fuer-fertige-fahrzeuge\/","title":{"rendered":"Logistik f\u00fcr fertige Fahrzeuge"},"content":{"rendered":"","protected":false},"excerpt":{"rendered":"","protected":false},"author":1,"featured_media":0,"parent":0,"menu_order":0,"comment_status":"closed","ping_status":"closed","template":"template-vehicle.php","meta":{"_acf_changed":false,"slim_seo":{"title":"Logistikdienstleistungen f\u00fcr Fertigfahrzeuge in Europa | Manvesta","description":"Spezialisiert auf Fertigfahrzeuglogistik bietet Manvesta professionelle Autotransportl\u00f6sungen f\u00fcr Hersteller, Importeure und H\u00e4ndler in ganz Europa."},"footnotes":""},"class_list":["post-1413","page","type-page","status-publish","hentry"],"acf":[],"_links":{"self":[{"href":"https:\/\/manvesta.lt\/de\/wp-json\/wp\/v2\/pages\/1413","targetHints":{"allow":["GET"]}}],"collection":[{"href":"https:\/\/manvesta.lt\/de\/wp-json\/wp\/v2\/pages"}],"about":[{"href":"https:\/\/manvesta.lt\/de\/wp-json\/wp\/v2\/types\/page"}],"author":[{"embeddable":true,"href":"https:\/\/manvesta.lt\/de\/wp-json\/wp\/v2\/users\/1"}],"replies":[{"embeddable":true,"href":"https:\/\/manvesta.lt\/de\/wp-json\/wp\/v2\/comments?post=1413"}],"version-history":[{"count":2,"href":"https:\/\/manvesta.lt\/de\/wp-json\/wp\/v2\/pages\/1413\/revisions"}],"predecessor-version":[{"id":2483,"href":"https:\/\/manvesta.lt\/de\/wp-json\/wp\/v2\/pages\/1413\/revisions\/2483"}],"wp:attachment":[{"href":"https:\/\/manvesta.lt\/de\/wp-json\/wp\/v2\/media?parent=1413"}],"curies":[{"name":"wp","href":"https:\/\/api.w.org\/{rel}","templated":true}]}}