{"id":1474,"date":"2025-01-27T12:16:57","date_gmt":"2025-01-27T10:16:57","guid":{"rendered":"http:\/\/localhost\/manvesta2025\/general-cargo-logistics\/"},"modified":"2026-01-14T15:28:22","modified_gmt":"2026-01-14T13:28:22","slug":"stueckgutlogistik","status":"publish","type":"page","link":"https:\/\/manvesta.lt\/de\/stueckgutlogistik\/","title":{"rendered":"St\u00fcckgutlogistik"},"content":{"rendered":"","protected":false},"excerpt":{"rendered":"","protected":false},"author":1,"featured_media":0,"parent":0,"menu_order":0,"comment_status":"closed","ping_status":"closed","template":"template-cargo.php","meta":{"_acf_changed":false,"slim_seo":{"title":"St\u00fcckguttransportll\u00f6sungen in Europa | Manvesta","description":"Manvesta bietet zuverl\u00e4ssige St\u00fcckgutlogistik in ganz Europa und nutzt Planenauflieger, um die Fracht sicher, effizient und p\u00fcnktlich auszuliefern."},"footnotes":""},"class_list":["post-1474","page","type-page","status-publish","hentry"],"acf":[],"_links":{"self":[{"href":"https:\/\/manvesta.lt\/de\/wp-json\/wp\/v2\/pages\/1474","targetHints":{"allow":["GET"]}}],"collection":[{"href":"https:\/\/manvesta.lt\/de\/wp-json\/wp\/v2\/pages"}],"about":[{"href":"https:\/\/manvesta.lt\/de\/wp-json\/wp\/v2\/types\/page"}],"author":[{"embeddable":true,"href":"https:\/\/manvesta.lt\/de\/wp-json\/wp\/v2\/users\/1"}],"replies":[{"embeddable":true,"href":"https:\/\/manvesta.lt\/de\/wp-json\/wp\/v2\/comments?post=1474"}],"version-history":[{"count":2,"href":"https:\/\/manvesta.lt\/de\/wp-json\/wp\/v2\/pages\/1474\/revisions"}],"predecessor-version":[{"id":2493,"href":"https:\/\/manvesta.lt\/de\/wp-json\/wp\/v2\/pages\/1474\/revisions\/2493"}],"wp:attachment":[{"href":"https:\/\/manvesta.lt\/de\/wp-json\/wp\/v2\/media?parent=1474"}],"curies":[{"name":"wp","href":"https:\/\/api.w.org\/{rel}","templated":true}]}}