{"id":1410,"date":"2025-01-27T12:16:32","date_gmt":"2025-01-27T10:16:32","guid":{"rendered":"http:\/\/localhost\/manvesta2025\/finished-vehicle-logistics\/"},"modified":"2026-01-14T13:18:45","modified_gmt":"2026-01-14T11:18:45","slug":"logistique-de-vehicules-finis","status":"publish","type":"page","link":"https:\/\/manvesta.lt\/fr\/logistique-de-vehicules-finis\/","title":{"rendered":"Logistique de v\u00e9hicules finis"},"content":{"rendered":"","protected":false},"excerpt":{"rendered":"","protected":false},"author":1,"featured_media":0,"parent":0,"menu_order":0,"comment_status":"closed","ping_status":"closed","template":"template-vehicle.php","meta":{"_acf_changed":false,"slim_seo":{"title":"Services de logistique de v\u00e9hicules finis en Europe | Manvesta","description":"Sp\u00e9cialis\u00e9e dans la logistique de v\u00e9hicules finis, Manvesta offre des solutions professionnelles de transport de v\u00e9hicules pour les fabricants, les importateurs et les concessionnaires dans toute l'Europe."},"footnotes":""},"class_list":["post-1410","page","type-page","status-publish","hentry"],"acf":[],"_links":{"self":[{"href":"https:\/\/manvesta.lt\/fr\/wp-json\/wp\/v2\/pages\/1410","targetHints":{"allow":["GET"]}}],"collection":[{"href":"https:\/\/manvesta.lt\/fr\/wp-json\/wp\/v2\/pages"}],"about":[{"href":"https:\/\/manvesta.lt\/fr\/wp-json\/wp\/v2\/types\/page"}],"author":[{"embeddable":true,"href":"https:\/\/manvesta.lt\/fr\/wp-json\/wp\/v2\/users\/1"}],"replies":[{"embeddable":true,"href":"https:\/\/manvesta.lt\/fr\/wp-json\/wp\/v2\/comments?post=1410"}],"version-history":[{"count":2,"href":"https:\/\/manvesta.lt\/fr\/wp-json\/wp\/v2\/pages\/1410\/revisions"}],"predecessor-version":[{"id":2487,"href":"https:\/\/manvesta.lt\/fr\/wp-json\/wp\/v2\/pages\/1410\/revisions\/2487"}],"wp:attachment":[{"href":"https:\/\/manvesta.lt\/fr\/wp-json\/wp\/v2\/media?parent=1410"}],"curies":[{"name":"wp","href":"https:\/\/api.w.org\/{rel}","templated":true}]}}