{"id":1422,"date":"2025-01-27T12:19:41","date_gmt":"2025-01-27T10:19:41","guid":{"rendered":"http:\/\/localhost\/manvesta2025\/for-administration\/"},"modified":"2025-06-02T10:13:41","modified_gmt":"2025-06-02T08:13:41","slug":"pour-ladministration","status":"publish","type":"page","link":"https:\/\/manvesta.lt\/fr\/pour-ladministration\/","title":{"rendered":"Pour l&#8217;administration"},"content":{"rendered":"","protected":false},"excerpt":{"rendered":"","protected":false},"author":1,"featured_media":0,"parent":0,"menu_order":0,"comment_status":"closed","ping_status":"closed","template":"template-administration.php","meta":{"_acf_changed":false,"slim_seo":{"title":"Emplois administratifs en logistique | Carri\u00e8re chez Manvesta","description":"Rejoignez l'\u00e9quipe administrative de Manvesta et d\u00e9veloppez votre carri\u00e8re dans la logistique. Nous valorisons le professionnalisme, le travail d'\u00e9quipe et la responsabilit\u00e9 \u00e0 long terme"},"footnotes":""},"class_list":["post-1422","page","type-page","status-publish","hentry"],"acf":[],"_links":{"self":[{"href":"https:\/\/manvesta.lt\/fr\/wp-json\/wp\/v2\/pages\/1422","targetHints":{"allow":["GET"]}}],"collection":[{"href":"https:\/\/manvesta.lt\/fr\/wp-json\/wp\/v2\/pages"}],"about":[{"href":"https:\/\/manvesta.lt\/fr\/wp-json\/wp\/v2\/types\/page"}],"author":[{"embeddable":true,"href":"https:\/\/manvesta.lt\/fr\/wp-json\/wp\/v2\/users\/1"}],"replies":[{"embeddable":true,"href":"https:\/\/manvesta.lt\/fr\/wp-json\/wp\/v2\/comments?post=1422"}],"version-history":[{"count":2,"href":"https:\/\/manvesta.lt\/fr\/wp-json\/wp\/v2\/pages\/1422\/revisions"}],"predecessor-version":[{"id":2200,"href":"https:\/\/manvesta.lt\/fr\/wp-json\/wp\/v2\/pages\/1422\/revisions\/2200"}],"wp:attachment":[{"href":"https:\/\/manvesta.lt\/fr\/wp-json\/wp\/v2\/media?parent=1422"}],"curies":[{"name":"wp","href":"https:\/\/api.w.org\/{rel}","templated":true}]}}