{"id":1458,"date":"2025-01-27T12:19:51","date_gmt":"2025-01-27T10:19:51","guid":{"rendered":"http:\/\/localhost\/manvesta2025\/for-interns\/"},"modified":"2025-05-09T12:52:50","modified_gmt":"2025-05-09T10:52:50","slug":"pour-les-stagiaires","status":"publish","type":"page","link":"https:\/\/manvesta.lt\/fr\/pour-les-stagiaires\/","title":{"rendered":"Pour les stagiaires"},"content":{"rendered":"","protected":false},"excerpt":{"rendered":"","protected":false},"author":1,"featured_media":0,"parent":0,"menu_order":0,"comment_status":"closed","ping_status":"closed","template":"template-interns.php","meta":{"_acf_changed":false,"slim_seo":{"title":"Opportunit\u00e9s de stage dans la logistique et le transport | Manvesta","description":"Acqu\u00e9rez une exp\u00e9rience pr\u00e9cieuse en effectuant un stage chez Manvesta. Apprenez le secteur de la logistique de l'int\u00e9rieur et \u00e9voluez aux c\u00f4t\u00e9s de professionnels exp\u00e9riment\u00e9s."},"footnotes":""},"class_list":["post-1458","page","type-page","status-publish","hentry"],"acf":[],"_links":{"self":[{"href":"https:\/\/manvesta.lt\/fr\/wp-json\/wp\/v2\/pages\/1458","targetHints":{"allow":["GET"]}}],"collection":[{"href":"https:\/\/manvesta.lt\/fr\/wp-json\/wp\/v2\/pages"}],"about":[{"href":"https:\/\/manvesta.lt\/fr\/wp-json\/wp\/v2\/types\/page"}],"author":[{"embeddable":true,"href":"https:\/\/manvesta.lt\/fr\/wp-json\/wp\/v2\/users\/1"}],"replies":[{"embeddable":true,"href":"https:\/\/manvesta.lt\/fr\/wp-json\/wp\/v2\/comments?post=1458"}],"version-history":[{"count":2,"href":"https:\/\/manvesta.lt\/fr\/wp-json\/wp\/v2\/pages\/1458\/revisions"}],"predecessor-version":[{"id":1929,"href":"https:\/\/manvesta.lt\/fr\/wp-json\/wp\/v2\/pages\/1458\/revisions\/1929"}],"wp:attachment":[{"href":"https:\/\/manvesta.lt\/fr\/wp-json\/wp\/v2\/media?parent=1458"}],"curies":[{"name":"wp","href":"https:\/\/api.w.org\/{rel}","templated":true}]}}