{"id":1471,"date":"2025-01-27T12:16:57","date_gmt":"2025-01-27T10:16:57","guid":{"rendered":"http:\/\/localhost\/manvesta2025\/general-cargo-logistics\/"},"modified":"2026-01-14T15:28:35","modified_gmt":"2026-01-14T13:28:35","slug":"logistique-de-marchandises-diverses","status":"publish","type":"page","link":"https:\/\/manvesta.lt\/fr\/logistique-de-marchandises-diverses\/","title":{"rendered":"Logistique de marchandises diverses"},"content":{"rendered":"","protected":false},"excerpt":{"rendered":"","protected":false},"author":1,"featured_media":0,"parent":0,"menu_order":0,"comment_status":"closed","ping_status":"closed","template":"template-cargo.php","meta":{"_acf_changed":false,"slim_seo":{"title":"Solutions de transport de marchandises diverses en Europe | Manvesta","description":"Manvesta propose une logistique fiable pour les marchandises diverses en Europe, en utilisant des semi-remorques \u00e0 rideaux pour livrer les marchandises de mani\u00e8re s\u00fbre, efficace et dans les d\u00e9lais."},"footnotes":""},"class_list":["post-1471","page","type-page","status-publish","hentry"],"acf":[],"_links":{"self":[{"href":"https:\/\/manvesta.lt\/fr\/wp-json\/wp\/v2\/pages\/1471","targetHints":{"allow":["GET"]}}],"collection":[{"href":"https:\/\/manvesta.lt\/fr\/wp-json\/wp\/v2\/pages"}],"about":[{"href":"https:\/\/manvesta.lt\/fr\/wp-json\/wp\/v2\/types\/page"}],"author":[{"embeddable":true,"href":"https:\/\/manvesta.lt\/fr\/wp-json\/wp\/v2\/users\/1"}],"replies":[{"embeddable":true,"href":"https:\/\/manvesta.lt\/fr\/wp-json\/wp\/v2\/comments?post=1471"}],"version-history":[{"count":1,"href":"https:\/\/manvesta.lt\/fr\/wp-json\/wp\/v2\/pages\/1471\/revisions"}],"predecessor-version":[{"id":2494,"href":"https:\/\/manvesta.lt\/fr\/wp-json\/wp\/v2\/pages\/1471\/revisions\/2494"}],"wp:attachment":[{"href":"https:\/\/manvesta.lt\/fr\/wp-json\/wp\/v2\/media?parent=1471"}],"curies":[{"name":"wp","href":"https:\/\/api.w.org\/{rel}","templated":true}]}}