{"id":1504,"date":"2025-01-27T12:00:51","date_gmt":"2025-01-27T10:00:51","guid":{"rendered":"http:\/\/localhost\/manvesta2025\/social-responsibility\/"},"modified":"2025-05-09T10:38:24","modified_gmt":"2025-05-09T08:38:24","slug":"responsabilite-sociale","status":"publish","type":"page","link":"https:\/\/manvesta.lt\/fr\/responsabilite-sociale\/","title":{"rendered":"Responsabilit\u00e9 sociale"},"content":{"rendered":"","protected":false},"excerpt":{"rendered":"","protected":false},"author":1,"featured_media":0,"parent":0,"menu_order":0,"comment_status":"closed","ping_status":"closed","template":"template-responsibility.php","meta":{"_acf_changed":false,"slim_seo":{"title":"Construire un avenir responsable | Initiatives sociales chez Manvesta","description":"Chez Manvesta, la responsabilit\u00e9 sociale signifie prendre soin du personnel, soutenir les communaut\u00e9s et construire des relations durables et \u00e0 long terme bas\u00e9es sur la confiance et le respect."},"footnotes":""},"class_list":["post-1504","page","type-page","status-publish","hentry"],"acf":[],"_links":{"self":[{"href":"https:\/\/manvesta.lt\/fr\/wp-json\/wp\/v2\/pages\/1504","targetHints":{"allow":["GET"]}}],"collection":[{"href":"https:\/\/manvesta.lt\/fr\/wp-json\/wp\/v2\/pages"}],"about":[{"href":"https:\/\/manvesta.lt\/fr\/wp-json\/wp\/v2\/types\/page"}],"author":[{"embeddable":true,"href":"https:\/\/manvesta.lt\/fr\/wp-json\/wp\/v2\/users\/1"}],"replies":[{"embeddable":true,"href":"https:\/\/manvesta.lt\/fr\/wp-json\/wp\/v2\/comments?post=1504"}],"version-history":[{"count":1,"href":"https:\/\/manvesta.lt\/fr\/wp-json\/wp\/v2\/pages\/1504\/revisions"}],"predecessor-version":[{"id":1902,"href":"https:\/\/manvesta.lt\/fr\/wp-json\/wp\/v2\/pages\/1504\/revisions\/1902"}],"wp:attachment":[{"href":"https:\/\/manvesta.lt\/fr\/wp-json\/wp\/v2\/media?parent=1504"}],"curies":[{"name":"wp","href":"https:\/\/api.w.org\/{rel}","templated":true}]}}