{"id":318,"date":"2025-01-24T18:02:27","date_gmt":"2025-01-24T16:02:27","guid":{"rendered":"http:\/\/localhost\/manvesta2025\/?page_id=318"},"modified":"2026-01-06T15:54:01","modified_gmt":"2026-01-06T13:54:01","slug":"home","status":"publish","type":"page","link":"https:\/\/manvesta.lt\/fr\/","title":{"rendered":"Home"},"content":{"rendered":"","protected":false},"excerpt":{"rendered":"","protected":false},"author":1,"featured_media":0,"parent":0,"menu_order":0,"comment_status":"closed","ping_status":"closed","template":"","meta":{"_acf_changed":false,"slim_seo":{"title":"Manvesta - Transport de la plus haute qualit\u00e9","description":"B\u00e9n\u00e9ficiant de la confiance de clients importants dans toute l'Europe, Manvesta fournit des services premium de transport de voitures et de marchandises diverses, alliant exp\u00e9rience, performance et fiabilit\u00e9."},"footnotes":""},"class_list":["post-318","page","type-page","status-publish","hentry"],"acf":[],"_links":{"self":[{"href":"https:\/\/manvesta.lt\/fr\/wp-json\/wp\/v2\/pages\/318","targetHints":{"allow":["GET"]}}],"collection":[{"href":"https:\/\/manvesta.lt\/fr\/wp-json\/wp\/v2\/pages"}],"about":[{"href":"https:\/\/manvesta.lt\/fr\/wp-json\/wp\/v2\/types\/page"}],"author":[{"embeddable":true,"href":"https:\/\/manvesta.lt\/fr\/wp-json\/wp\/v2\/users\/1"}],"replies":[{"embeddable":true,"href":"https:\/\/manvesta.lt\/fr\/wp-json\/wp\/v2\/comments?post=318"}],"version-history":[{"count":1,"href":"https:\/\/manvesta.lt\/fr\/wp-json\/wp\/v2\/pages\/318\/revisions"}],"predecessor-version":[{"id":2445,"href":"https:\/\/manvesta.lt\/fr\/wp-json\/wp\/v2\/pages\/318\/revisions\/2445"}],"wp:attachment":[{"href":"https:\/\/manvesta.lt\/fr\/wp-json\/wp\/v2\/media?parent=318"}],"curies":[{"name":"wp","href":"https:\/\/api.w.org\/{rel}","templated":true}]}}