{"id":1395,"date":"2025-01-24T18:43:45","date_gmt":"2025-01-24T16:43:45","guid":{"rendered":"http:\/\/localhost\/manvesta2025\/about-us\/"},"modified":"2026-01-08T13:37:06","modified_gmt":"2026-01-08T11:37:06","slug":"apie-mus","status":"publish","type":"page","link":"https:\/\/manvesta.lt\/lt\/apie-mus\/","title":{"rendered":"Apie mus"},"content":{"rendered":"","protected":false},"excerpt":{"rendered":"","protected":false},"author":1,"featured_media":0,"parent":0,"menu_order":0,"comment_status":"closed","ping_status":"closed","template":"template-about.php","meta":{"_acf_changed":false,"slim_seo":{"title":"Susipa\u017einkite su \u201eManvesta\u201c \u2013 automobili\u0173 ir bendr\u0173j\u0173 krovini\u0173 perve\u017eimo specialistais Europoje","description":"\u201eManvesta\u201c teikia profesionalias automobili\u0173 ir krovini\u0173 perve\u017eimo paslaugas visoje Europoje, u\u017etikrindama patikimum\u0105, efektyvum\u0105 ir meistri\u0161kum\u0105 kiekviename \u017eingsnyje."},"footnotes":""},"class_list":["post-1395","page","type-page","status-publish","hentry"],"acf":[],"_links":{"self":[{"href":"https:\/\/manvesta.lt\/lt\/wp-json\/wp\/v2\/pages\/1395","targetHints":{"allow":["GET"]}}],"collection":[{"href":"https:\/\/manvesta.lt\/lt\/wp-json\/wp\/v2\/pages"}],"about":[{"href":"https:\/\/manvesta.lt\/lt\/wp-json\/wp\/v2\/types\/page"}],"author":[{"embeddable":true,"href":"https:\/\/manvesta.lt\/lt\/wp-json\/wp\/v2\/users\/1"}],"replies":[{"embeddable":true,"href":"https:\/\/manvesta.lt\/lt\/wp-json\/wp\/v2\/comments?post=1395"}],"version-history":[{"count":2,"href":"https:\/\/manvesta.lt\/lt\/wp-json\/wp\/v2\/pages\/1395\/revisions"}],"predecessor-version":[{"id":2460,"href":"https:\/\/manvesta.lt\/lt\/wp-json\/wp\/v2\/pages\/1395\/revisions\/2460"}],"wp:attachment":[{"href":"https:\/\/manvesta.lt\/lt\/wp-json\/wp\/v2\/media?parent=1395"}],"curies":[{"name":"wp","href":"https:\/\/api.w.org\/{rel}","templated":true}]}}