{"id":1416,"date":"2025-01-27T12:16:32","date_gmt":"2025-01-27T10:16:32","guid":{"rendered":"http:\/\/localhost\/manvesta2025\/finished-vehicle-logistics\/"},"modified":"2026-01-14T13:15:57","modified_gmt":"2026-01-14T11:15:57","slug":"transporto-priemoniu-logistika","status":"publish","type":"page","link":"https:\/\/manvesta.lt\/lt\/transporto-priemoniu-logistika\/","title":{"rendered":"Transporto priemoni\u0173 logistika"},"content":{"rendered":"","protected":false},"excerpt":{"rendered":"","protected":false},"author":1,"featured_media":0,"parent":0,"menu_order":0,"comment_status":"closed","ping_status":"closed","template":"template-vehicle.php","meta":{"_acf_changed":false,"slim_seo":{"title":"Transporto priemoni\u0173 logistikos paslaugos Europoje | \u201eManvesta\u201c","description":"Viena i\u0161 \u012fmon\u0117s \u201eManvesta\u201c specializacijos sri\u010di\u0173 \u2013 transporto priemoni\u0173 logistika, tod\u0117l bendrov\u0117 si\u016blo profesionalius transportavimo priemoni\u0173 perve\u017eimo sprendimus automobili\u0173 gamintojams, importuotojams ir prekybos atstovams visoje Europoje."},"footnotes":""},"class_list":["post-1416","page","type-page","status-publish","hentry"],"acf":[],"_links":{"self":[{"href":"https:\/\/manvesta.lt\/lt\/wp-json\/wp\/v2\/pages\/1416","targetHints":{"allow":["GET"]}}],"collection":[{"href":"https:\/\/manvesta.lt\/lt\/wp-json\/wp\/v2\/pages"}],"about":[{"href":"https:\/\/manvesta.lt\/lt\/wp-json\/wp\/v2\/types\/page"}],"author":[{"embeddable":true,"href":"https:\/\/manvesta.lt\/lt\/wp-json\/wp\/v2\/users\/1"}],"replies":[{"embeddable":true,"href":"https:\/\/manvesta.lt\/lt\/wp-json\/wp\/v2\/comments?post=1416"}],"version-history":[{"count":2,"href":"https:\/\/manvesta.lt\/lt\/wp-json\/wp\/v2\/pages\/1416\/revisions"}],"predecessor-version":[{"id":2481,"href":"https:\/\/manvesta.lt\/lt\/wp-json\/wp\/v2\/pages\/1416\/revisions\/2481"}],"wp:attachment":[{"href":"https:\/\/manvesta.lt\/lt\/wp-json\/wp\/v2\/media?parent=1416"}],"curies":[{"name":"wp","href":"https:\/\/api.w.org\/{rel}","templated":true}]}}