{"id":1428,"date":"2025-01-27T12:19:41","date_gmt":"2025-01-27T10:19:41","guid":{"rendered":"http:\/\/localhost\/manvesta2025\/for-administration\/"},"modified":"2026-01-08T15:28:47","modified_gmt":"2026-01-08T13:28:47","slug":"administracijai","status":"publish","type":"page","link":"https:\/\/manvesta.lt\/lt\/administracijai\/","title":{"rendered":"Administracijai"},"content":{"rendered":"","protected":false},"excerpt":{"rendered":"","protected":false},"author":1,"featured_media":0,"parent":0,"menu_order":0,"comment_status":"closed","ping_status":"closed","template":"template-administration.php","meta":{"_acf_changed":false,"slim_seo":{"title":"Darbas administracijoje logistikos srityje | Karjera \u012fmon\u0117je Manvesta","description":"Prisijunkite prie \u012fmon\u0117s Manvesta administracijos komandos ir siekite karjeros logistikos srityje. Vertiname profesionalum\u0105, geb\u0117jim\u0105 dirbti komandoje ir ilgalaik\u0119 atsakomyb\u0119."},"footnotes":""},"class_list":["post-1428","page","type-page","status-publish","hentry"],"acf":[],"_links":{"self":[{"href":"https:\/\/manvesta.lt\/lt\/wp-json\/wp\/v2\/pages\/1428","targetHints":{"allow":["GET"]}}],"collection":[{"href":"https:\/\/manvesta.lt\/lt\/wp-json\/wp\/v2\/pages"}],"about":[{"href":"https:\/\/manvesta.lt\/lt\/wp-json\/wp\/v2\/types\/page"}],"author":[{"embeddable":true,"href":"https:\/\/manvesta.lt\/lt\/wp-json\/wp\/v2\/users\/1"}],"replies":[{"embeddable":true,"href":"https:\/\/manvesta.lt\/lt\/wp-json\/wp\/v2\/comments?post=1428"}],"version-history":[{"count":2,"href":"https:\/\/manvesta.lt\/lt\/wp-json\/wp\/v2\/pages\/1428\/revisions"}],"predecessor-version":[{"id":2457,"href":"https:\/\/manvesta.lt\/lt\/wp-json\/wp\/v2\/pages\/1428\/revisions\/2457"}],"wp:attachment":[{"href":"https:\/\/manvesta.lt\/lt\/wp-json\/wp\/v2\/media?parent=1428"}],"curies":[{"name":"wp","href":"https:\/\/api.w.org\/{rel}","templated":true}]}}