{"id":1465,"date":"2025-01-27T12:19:51","date_gmt":"2025-01-27T10:19:51","guid":{"rendered":"http:\/\/localhost\/manvesta2025\/for-interns\/"},"modified":"2025-05-08T09:34:08","modified_gmt":"2025-05-08T07:34:08","slug":"atliekantiems-praktika","status":"publish","type":"page","link":"https:\/\/manvesta.lt\/lt\/atliekantiems-praktika\/","title":{"rendered":"Atliekantiems praktik\u0105"},"content":{"rendered":"","protected":false},"excerpt":{"rendered":"","protected":false},"author":1,"featured_media":0,"parent":0,"menu_order":0,"comment_status":"closed","ping_status":"closed","template":"template-interns.php","meta":{"_acf_changed":false,"slim_seo":{"title":"Praktikos galimyb\u0117s logistikos ir transporto srityje | \u201eManvesta\u201c","description":"\u012egykite vertingos patirties atlikdami praktik\u0105 \u012fmon\u0117je \u201eManvesta\u201c. Pa\u017einkite logistikos industrij\u0105 i\u0161 vidaus ir tobul\u0117kite kartu su patyrusiais specialistais."},"footnotes":""},"class_list":["post-1465","page","type-page","status-publish","hentry"],"acf":[],"_links":{"self":[{"href":"https:\/\/manvesta.lt\/lt\/wp-json\/wp\/v2\/pages\/1465","targetHints":{"allow":["GET"]}}],"collection":[{"href":"https:\/\/manvesta.lt\/lt\/wp-json\/wp\/v2\/pages"}],"about":[{"href":"https:\/\/manvesta.lt\/lt\/wp-json\/wp\/v2\/types\/page"}],"author":[{"embeddable":true,"href":"https:\/\/manvesta.lt\/lt\/wp-json\/wp\/v2\/users\/1"}],"replies":[{"embeddable":true,"href":"https:\/\/manvesta.lt\/lt\/wp-json\/wp\/v2\/comments?post=1465"}],"version-history":[{"count":2,"href":"https:\/\/manvesta.lt\/lt\/wp-json\/wp\/v2\/pages\/1465\/revisions"}],"predecessor-version":[{"id":1813,"href":"https:\/\/manvesta.lt\/lt\/wp-json\/wp\/v2\/pages\/1465\/revisions\/1813"}],"wp:attachment":[{"href":"https:\/\/manvesta.lt\/lt\/wp-json\/wp\/v2\/media?parent=1465"}],"curies":[{"name":"wp","href":"https:\/\/api.w.org\/{rel}","templated":true}]}}