{"id":1477,"date":"2025-01-27T12:16:57","date_gmt":"2025-01-27T10:16:57","guid":{"rendered":"http:\/\/localhost\/manvesta2025\/general-cargo-logistics\/"},"modified":"2026-01-14T15:29:10","modified_gmt":"2026-01-14T13:29:10","slug":"bendruju-kroviniu-logistika","status":"publish","type":"page","link":"https:\/\/manvesta.lt\/lt\/bendruju-kroviniu-logistika\/","title":{"rendered":"Bendr\u0173j\u0173 krovini\u0173 logistikos paslaugos"},"content":{"rendered":"","protected":false},"excerpt":{"rendered":"","protected":false},"author":1,"featured_media":0,"parent":0,"menu_order":0,"comment_status":"closed","ping_status":"closed","template":"template-cargo.php","meta":{"_acf_changed":false,"slim_seo":{"title":"Bendr\u0173j\u0173 krovini\u0173 perve\u017eimo sprendimai Europoje | \u201eManvesta\u201c","description":"Manvesta teikia patikimas bendr\u0173j\u0173 krovini\u0173 logistikos paslaugas visoje Europoje. Naudojame tentines puspriekabes, kad saugiai, efektyviai ir punktualiai pristatytume prekes."},"footnotes":""},"class_list":["post-1477","page","type-page","status-publish","hentry"],"acf":[],"_links":{"self":[{"href":"https:\/\/manvesta.lt\/lt\/wp-json\/wp\/v2\/pages\/1477","targetHints":{"allow":["GET"]}}],"collection":[{"href":"https:\/\/manvesta.lt\/lt\/wp-json\/wp\/v2\/pages"}],"about":[{"href":"https:\/\/manvesta.lt\/lt\/wp-json\/wp\/v2\/types\/page"}],"author":[{"embeddable":true,"href":"https:\/\/manvesta.lt\/lt\/wp-json\/wp\/v2\/users\/1"}],"replies":[{"embeddable":true,"href":"https:\/\/manvesta.lt\/lt\/wp-json\/wp\/v2\/comments?post=1477"}],"version-history":[{"count":3,"href":"https:\/\/manvesta.lt\/lt\/wp-json\/wp\/v2\/pages\/1477\/revisions"}],"predecessor-version":[{"id":2496,"href":"https:\/\/manvesta.lt\/lt\/wp-json\/wp\/v2\/pages\/1477\/revisions\/2496"}],"wp:attachment":[{"href":"https:\/\/manvesta.lt\/lt\/wp-json\/wp\/v2\/media?parent=1477"}],"curies":[{"name":"wp","href":"https:\/\/api.w.org\/{rel}","templated":true}]}}