{"id":1510,"date":"2025-01-27T12:00:51","date_gmt":"2025-01-27T10:00:51","guid":{"rendered":"http:\/\/localhost\/manvesta2025\/social-responsibility\/"},"modified":"2026-01-08T13:42:51","modified_gmt":"2026-01-08T11:42:51","slug":"socialine-atsakomybe","status":"publish","type":"page","link":"https:\/\/manvesta.lt\/lt\/socialine-atsakomybe\/","title":{"rendered":"Socialin\u0117 atsakomyb\u0117"},"content":{"rendered":"","protected":false},"excerpt":{"rendered":"","protected":false},"author":1,"featured_media":0,"parent":0,"menu_order":0,"comment_status":"closed","ping_status":"closed","template":"template-responsibility.php","meta":{"_acf_changed":false,"slim_seo":{"title":"Atsakingos ateities k\u016brimas | Socialin\u0117s iniciatyvos \u012fmon\u0117je Manvesta","description":"Manvesta socialin\u0117 atsakomyb\u0117 \u2013 tai r\u016bpinimasis savo darbuotojais, pagalba bendruomen\u0117ms ir ilgalaiki\u0173, tvari\u0173, pasitik\u0117jimu, pagarba ir bendromis vertyb\u0117mis gr\u012fst\u0173 santyki\u0173 k\u016brimas."},"footnotes":""},"class_list":["post-1510","page","type-page","status-publish","hentry"],"acf":[],"_links":{"self":[{"href":"https:\/\/manvesta.lt\/lt\/wp-json\/wp\/v2\/pages\/1510","targetHints":{"allow":["GET"]}}],"collection":[{"href":"https:\/\/manvesta.lt\/lt\/wp-json\/wp\/v2\/pages"}],"about":[{"href":"https:\/\/manvesta.lt\/lt\/wp-json\/wp\/v2\/types\/page"}],"author":[{"embeddable":true,"href":"https:\/\/manvesta.lt\/lt\/wp-json\/wp\/v2\/users\/1"}],"replies":[{"embeddable":true,"href":"https:\/\/manvesta.lt\/lt\/wp-json\/wp\/v2\/comments?post=1510"}],"version-history":[{"count":2,"href":"https:\/\/manvesta.lt\/lt\/wp-json\/wp\/v2\/pages\/1510\/revisions"}],"predecessor-version":[{"id":2461,"href":"https:\/\/manvesta.lt\/lt\/wp-json\/wp\/v2\/pages\/1510\/revisions\/2461"}],"wp:attachment":[{"href":"https:\/\/manvesta.lt\/lt\/wp-json\/wp\/v2\/media?parent=1510"}],"curies":[{"name":"wp","href":"https:\/\/api.w.org\/{rel}","templated":true}]}}